{"id":292,"date":"2019-02-22T17:53:35","date_gmt":"2019-02-22T16:53:35","guid":{"rendered":"https:\/\/rimbalzelloadventure.com\/schulen-und-gruppen\/"},"modified":"2019-04-26T10:25:47","modified_gmt":"2019-04-26T08:25:47","slug":"schulen-und-gruppen","status":"publish","type":"page","link":"https:\/\/rimbalzelloadventure.com\/de\/schulen-und-gruppen\/","title":{"rendered":"Schulen und Gruppen"},"content":{"rendered":"<p>Immer mehr Schulen w\u00e4hlen den Abenteuerpark f\u00fcr ihre Klassenfahrten um ihre Sch\u00fcler Teambuilding-Aktivit\u00e4ten und ein unvergessliches Erlebnis erleben zu lassen sowie auch ihre Beziehungen zu verbessern.<\/p><h2 class=\"wp-block-heading\">DIDACTIC<\/h2><p>Aufgrund der Natur unseres Parkes und die besondere geographische Lage, k\u00f6nnen wir alle Arten von Anforderungen f\u00fcr Schulen gerecht werden &#8211; die Kombination von Sport-am\u00fcsanten Aktivit\u00e4ten mit Didaktik und Kultur. In der direkten Umgebung finden Sie zahlreiche historische Orte und Sehensw\u00fcrdigkeiten wie Il Vittoriale, der Botanische Garten und Orte aus der Zeit der sozialen Republik.<\/p><p><strong>Die meisten Orte sind zu Fu\u00df erreichbar.<\/strong><\/p><h2 class=\"wp-block-heading\">UNVERGESSLICHE ERFAHRUNG<\/h2><p>Was wir anbieten ist eine Erfahrung, wo die Sch\u00fcler neue Emotionen erleben, \u00c4ngste in einer sicheren Umgebung \u00fcberwinnen und ihr Selbstwertgef\u00fchl erh\u00f6hen.\u2028Muskelkraft, Koordination und Gruppenzugeh\u00f6rigkeit sind nur einige der F\u00e4higkeiten, die die Studenten testen.\u2028<\/p><p><strong>Am\u00fcsement wird dieses Abenteuer immer gelten.\u2028<\/strong><\/p>","protected":false},"excerpt":{"rendered":"Immer mehr Schulen w\u00e4hlen den Abenteuerpark f\u00fcr ihre Klassenfahrten um ihre Sch\u00fcler Teambuilding-Aktivit\u00e4ten und ein unvergessliches Erlebnis erleben zu lassen sowie auch ihre Beziehungen zu verbessern. DIDACTIC Aufgrund der Natur unseres Parkes und die besondere geographische Lage, k\u00f6nnen wir alle Arten von Anforderungen f\u00fcr Schulen gerecht werden &#8211; die Kombination von Sport-am\u00fcsanten Aktivit\u00e4ten mit Didaktik&#8230; <a class=\"view-article\" href=\"https:\/\/rimbalzelloadventure.com\/de\/schulen-und-gruppen\/\">Artikel ansehen<\/a>","protected":false},"author":1,"featured_media":0,"parent":0,"menu_order":35,"comment_status":"closed","ping_status":"closed","template":"","meta":{"_acf_changed":false,"footnotes":""},"class_list":["post-292","page","type-page","status-publish","hentry"],"acf":[],"_links":{"self":[{"href":"https:\/\/rimbalzelloadventure.com\/de\/wp-json\/wp\/v2\/pages\/292","targetHints":{"allow":["GET"]}}],"collection":[{"href":"https:\/\/rimbalzelloadventure.com\/de\/wp-json\/wp\/v2\/pages"}],"about":[{"href":"https:\/\/rimbalzelloadventure.com\/de\/wp-json\/wp\/v2\/types\/page"}],"author":[{"embeddable":true,"href":"https:\/\/rimbalzelloadventure.com\/de\/wp-json\/wp\/v2\/users\/1"}],"replies":[{"embeddable":true,"href":"https:\/\/rimbalzelloadventure.com\/de\/wp-json\/wp\/v2\/comments?post=292"}],"version-history":[{"count":3,"href":"https:\/\/rimbalzelloadventure.com\/de\/wp-json\/wp\/v2\/pages\/292\/revisions"}],"predecessor-version":[{"id":295,"href":"https:\/\/rimbalzelloadventure.com\/de\/wp-json\/wp\/v2\/pages\/292\/revisions\/295"}],"wp:attachment":[{"href":"https:\/\/rimbalzelloadventure.com\/de\/wp-json\/wp\/v2\/media?parent=292"}],"curies":[{"name":"wp","href":"https:\/\/api.w.org\/{rel}","templated":true}]}}