{"id":311,"date":"2019-03-01T19:03:30","date_gmt":"2019-03-01T18:03:30","guid":{"rendered":"https:\/\/rimbalzelloadventure.com\/?page_id=311"},"modified":"2019-04-26T11:33:49","modified_gmt":"2019-04-26T09:33:49","slug":"team-building","status":"publish","type":"page","link":"https:\/\/rimbalzelloadventure.com\/de\/team-building\/","title":{"rendered":"Team Building"},"content":{"rendered":"<p>Ist Ihr Ziel der Teamgeist ihrer Arbeitsgruppen zu erh\u00f6hen, oder eine bessere Zusammenarbeit zwischen den Teilen aufzubauen? JA? Dann haben WIR Kurse und Trainer, die Ihnen helfen k\u00f6nnen um Ihr Ziel zu erreichen.<\/p><p>Die von unseren Professionelle Trainer gef\u00fchrte Team-Building-Aktivit\u00e4ten, werden Ihnen den richtigen Schl\u00fcssel bieten um ein vereintes Team oder anderen Unternehmensziele aufzubauen.<\/p><ul class=\"wp-block-list\"><li>Welcome Drinks<\/li><li>Meeting Room<\/li><li>Light Lunch &amp; Buffet<\/li><li>Group Activities<\/li><li>Coaches &amp; Motivators<\/li><\/ul>","protected":false},"excerpt":{"rendered":"Ist Ihr Ziel der Teamgeist ihrer Arbeitsgruppen zu erh\u00f6hen, oder eine bessere Zusammenarbeit zwischen den Teilen aufzubauen? JA? Dann haben WIR Kurse und Trainer, die Ihnen helfen k\u00f6nnen um Ihr Ziel zu erreichen. Die von unseren Professionelle Trainer gef\u00fchrte Team-Building-Aktivit\u00e4ten, werden Ihnen den richtigen Schl\u00fcssel bieten um ein vereintes Team oder anderen Unternehmensziele aufzubauen. Welcome&#8230; <a class=\"view-article\" href=\"https:\/\/rimbalzelloadventure.com\/de\/team-building\/\">Artikel ansehen<\/a>","protected":false},"author":1,"featured_media":174,"parent":0,"menu_order":42,"comment_status":"closed","ping_status":"closed","template":"","meta":{"_acf_changed":false,"footnotes":""},"class_list":["post-311","page","type-page","status-publish","has-post-thumbnail","hentry"],"acf":[],"_links":{"self":[{"href":"https:\/\/rimbalzelloadventure.com\/de\/wp-json\/wp\/v2\/pages\/311"}],"collection":[{"href":"https:\/\/rimbalzelloadventure.com\/de\/wp-json\/wp\/v2\/pages"}],"about":[{"href":"https:\/\/rimbalzelloadventure.com\/de\/wp-json\/wp\/v2\/types\/page"}],"author":[{"embeddable":true,"href":"https:\/\/rimbalzelloadventure.com\/de\/wp-json\/wp\/v2\/users\/1"}],"replies":[{"embeddable":true,"href":"https:\/\/rimbalzelloadventure.com\/de\/wp-json\/wp\/v2\/comments?post=311"}],"version-history":[{"count":1,"href":"https:\/\/rimbalzelloadventure.com\/de\/wp-json\/wp\/v2\/pages\/311\/revisions"}],"predecessor-version":[{"id":312,"href":"https:\/\/rimbalzelloadventure.com\/de\/wp-json\/wp\/v2\/pages\/311\/revisions\/312"}],"wp:featuredmedia":[{"embeddable":true,"href":"https:\/\/rimbalzelloadventure.com\/de\/wp-json\/wp\/v2\/media\/174"}],"wp:attachment":[{"href":"https:\/\/rimbalzelloadventure.com\/de\/wp-json\/wp\/v2\/media?parent=311"}],"curies":[{"name":"wp","href":"https:\/\/api.w.org\/{rel}","templated":true}]}}