{"id":158,"date":"2019-03-01T19:03:30","date_gmt":"2019-03-01T18:03:30","guid":{"rendered":"https:\/\/rimbalzelloadventure.com\/?page_id=158"},"modified":"2023-03-27T09:30:14","modified_gmt":"2023-03-27T07:30:14","slug":"team-building","status":"publish","type":"page","link":"https:\/\/rimbalzelloadventure.com\/it\/team-building\/","title":{"rendered":"Team Building"},"content":{"rendered":"<p>Se il vostro obiettivo \u00e8 quello di incrementare la cooperazione nel gruppo di lavoro e necessitate di un&nbsp;corso di formazione&nbsp;per i vostri collaboratori, abbiamo attiva una pluriennale collaborazione con formatori e consulenti aziendali. <\/p><p>L&#8217;attivit\u00e0 aggregativa, che si tratti del parco avventura, dell&#8217; orienteering o altre ancora, vi offrir\u00e0 uno&nbsp;strumento di grande efficacia&nbsp;per la creazione del team ed il raggiungimento di altri obiettivi aziendali. Il nostro scopo:<\/p><blockquote class=\"wp-block-quote is-layout-flow wp-block-quote-is-layout-flow\"><p><strong>\u201cFACILITARE LA CONOSCENZA TRA I PARTECIPANTI E ACCORCIARE LE DISTANZE RELAZIONALI TRA LORO\u201d<\/strong><\/p><\/blockquote><p>Proprio per questo supportiamo le Aziende la cui sensibilit\u00e0 principale \u00e8 quella di prendersi cura dei propri dipendenti e\/o collaboratori.<\/p><p><strong>INSIEME<\/strong> li accompagniamo in un percorso in cui sviluppare <strong>obiettivi<\/strong> quali:<\/p><ul class=\"wp-block-list\"><li>Formazione<\/li>\n\n<li>Entusiasmo<\/li>\n\n<li>Sinergia<\/li>\n\n<li>Collaborazione<\/li>\n\n<li>Fiducia<\/li>\n\n<li>Leadership<\/li>\n\n<li>Lavoro di squadra<\/li>\n\n<li>Parallelismi tra l\u2019attivit\u00e0 sportiva e quella lavorativa<\/li>\n\n<li>Sana competizione per il raggiungimento di obiettivi comuni<\/li><\/ul><p>Nell\u2019ambito del <em>\u201cRimbalzello Adventure Park\u201d<\/em>, grazie anche alla sinergia con diverse realt\u00e0 locali e professionisti, \u00e8 possibile scegliere una o pi\u00f9 attivit\u00e0 ludico\/formative, studiate su misura sia per le piccole imprese che per le grandi multinazionali.<\/p><p>I nostri <strong>punti di forza<\/strong>:<\/p><ul class=\"wp-block-list\"><li>Gestire un <strong>gruppo eterogeneo<\/strong> formato da sportivi e non, giovani e meno giovani, uomini e donne<\/li>\n\n<li>Organizzare momenti <strong>tailor-made<\/strong> grazie alla scelta di specifiche attivit\u00e0 (per la durata di qualche ora, un giorno o pi\u00f9 giorni), integrabili con servizio ristorazione (food, beverage e catering) per concludere con eventuale clubbing serale<\/li>\n\n<li><strong>Proposte<\/strong> estive e invernali, outdoor e indoor<\/li><\/ul><p>Questo il link di un Team Building di una nota multinazionale, svoltosi presso la nostra struttura, con circa<strong> <\/strong>100 commerciali provenienti da tutto il mondo.<\/p><figure class=\"wp-block-embed aligncenter is-type-video is-provider-youtube wp-block-embed-youtube wp-embed-aspect-16-9 wp-has-aspect-ratio\"><div class=\"wp-block-embed__wrapper\">\n<div class=\"plyr__video-embed player\"><iframe loading=\"lazy\" title=\"Faccin International Agents Meeting 2017\" width=\"900\" height=\"506\" src=\"https:\/\/www.youtube.com\/embed\/TkZWrFfscAI?feature=oembed\" frameborder=\"0\" allow=\"accelerometer; autoplay; encrypted-media; gyroscope; picture-in-picture\" allowfullscreen><\/iframe><\/div>\n<\/div><\/figure>","protected":false},"excerpt":{"rendered":"Se il vostro obiettivo \u00e8 quello di incrementare la cooperazione nel gruppo di lavoro e necessitate di un&nbsp;corso di formazione&nbsp;per i vostri collaboratori, abbiamo attiva una pluriennale collaborazione con formatori e consulenti aziendali. L&#8217;attivit\u00e0 aggregativa, che si tratti del parco avventura, dell&#8217; orienteering o altre ancora, vi offrir\u00e0 uno&nbsp;strumento di grande efficacia&nbsp;per la creazione del&#8230; <a class=\"view-article\" href=\"https:\/\/rimbalzelloadventure.com\/it\/team-building\/\">Mostra articolo<\/a>","protected":false},"author":1,"featured_media":640,"parent":0,"menu_order":42,"comment_status":"closed","ping_status":"closed","template":"","meta":{"_acf_changed":false,"footnotes":""},"class_list":["post-158","page","type-page","status-publish","has-post-thumbnail","hentry"],"acf":[],"_links":{"self":[{"href":"https:\/\/rimbalzelloadventure.com\/it\/wp-json\/wp\/v2\/pages\/158"}],"collection":[{"href":"https:\/\/rimbalzelloadventure.com\/it\/wp-json\/wp\/v2\/pages"}],"about":[{"href":"https:\/\/rimbalzelloadventure.com\/it\/wp-json\/wp\/v2\/types\/page"}],"author":[{"embeddable":true,"href":"https:\/\/rimbalzelloadventure.com\/it\/wp-json\/wp\/v2\/users\/1"}],"replies":[{"embeddable":true,"href":"https:\/\/rimbalzelloadventure.com\/it\/wp-json\/wp\/v2\/comments?post=158"}],"version-history":[{"count":21,"href":"https:\/\/rimbalzelloadventure.com\/it\/wp-json\/wp\/v2\/pages\/158\/revisions"}],"predecessor-version":[{"id":5014,"href":"https:\/\/rimbalzelloadventure.com\/it\/wp-json\/wp\/v2\/pages\/158\/revisions\/5014"}],"wp:featuredmedia":[{"embeddable":true,"href":"https:\/\/rimbalzelloadventure.com\/it\/wp-json\/wp\/v2\/media\/640"}],"wp:attachment":[{"href":"https:\/\/rimbalzelloadventure.com\/it\/wp-json\/wp\/v2\/media?parent=158"}],"curies":[{"name":"wp","href":"https:\/\/api.w.org\/{rel}","templated":true}]}}